{"id":43,"date":"2025-07-04T12:11:56","date_gmt":"2025-07-04T10:11:56","guid":{"rendered":"https:\/\/bs-electro.myskydoowebsite.com\/?page_id=43"},"modified":"2025-08-06T10:33:14","modified_gmt":"2025-08-06T08:33:14","slug":"gegevens-netwerken","status":"publish","type":"page","link":"https:\/\/bs-electro.myskydoowebsite.com\/nl\/data-netwerken\/","title":{"rendered":"Data &amp; netwerken"},"content":{"rendered":"<div data-elementor-type=\"wp-page\" data-elementor-id=\"43\" class=\"elementor elementor-43\" data-elementor-post-type=\"page\">\n\t\t\t\t<div data-particle_enable=\"false\" data-particle-mobile-disabled=\"false\" class=\"elementor-element elementor-element-17d0890 e-flex e-con-boxed e-con e-parent\" data-id=\"17d0890\" data-element_type=\"container\" data-e-type=\"container\" data-settings=\"{&quot;background_background&quot;:&quot;classic&quot;}\">\n\t\t\t\t\t<div class=\"e-con-inner\">\n\t\t\t\t<div class=\"elementor-element elementor-element-e744785 elementor-invisible elementor-widget elementor-widget-heading\" data-id=\"e744785\" data-element_type=\"widget\" data-e-type=\"widget\" data-settings=\"{&quot;_animation&quot;:&quot;fadeIn&quot;}\" data-widget_type=\"heading.default\">\n\t\t\t\t<div class=\"elementor-widget-container\">\n\t\t\t\t\t<h1 class=\"elementor-heading-title elementor-size-default\">Databekabeling en netwerken<\/h1>\t\t\t\t<\/div>\n\t\t\t\t<\/div>\n\t\t\t\t<div class=\"elementor-element elementor-element-1aa829d elementor-widget elementor-widget-text-editor\" data-id=\"1aa829d\" data-element_type=\"widget\" data-e-type=\"widget\" data-widget_type=\"text-editor.default\">\n\t\t\t\t<div class=\"elementor-widget-container\">\n\t\t\t\t\t\t\t\t\t<p data-start=\"219\" data-end=\"328\">Een snelle, stabiele en veilige verbinding voor uw bedrijf, van de router tot het laatste netwerkstopcontact.<\/p>\t\t\t\t\t\t\t\t<\/div>\n\t\t\t\t<\/div>\n\t\t\t\t<div class=\"elementor-element elementor-element-155abdd elementor-view-default elementor-widget elementor-widget-icon\" data-id=\"155abdd\" data-element_type=\"widget\" data-e-type=\"widget\" data-widget_type=\"icon.default\">\n\t\t\t\t<div class=\"elementor-widget-container\">\n\t\t\t\t\t\t\t<div class=\"elementor-icon-wrapper\">\n\t\t\t<a class=\"elementor-icon\" href=\"#scroll\">\n\t\t\t<i aria-hidden=\"true\" class=\"fas fa-chevron-down\"><\/i>\t\t\t<\/a>\n\t\t<\/div>\n\t\t\t\t\t\t<\/div>\n\t\t\t\t<\/div>\n\t\t\t\t\t<\/div>\n\t\t\t\t<\/div>\n\t\t<div data-particle_enable=\"false\" data-particle-mobile-disabled=\"false\" class=\"elementor-element elementor-element-1b21527 e-flex e-con-boxed e-con e-parent\" data-id=\"1b21527\" data-element_type=\"container\" data-e-type=\"container\" id=\"scroll\">\n\t\t\t\t\t<div class=\"e-con-inner\">\n\t\t\t\t\t<\/div>\n\t\t\t\t<\/div>\n\t\t<div data-particle_enable=\"false\" data-particle-mobile-disabled=\"false\" class=\"elementor-element elementor-element-c7b4009 e-flex e-con-boxed e-con e-parent\" data-id=\"c7b4009\" data-element_type=\"container\" data-e-type=\"container\">\n\t\t\t\t\t<div class=\"e-con-inner\">\n\t\t\t\t<div class=\"elementor-element elementor-element-1575885 elementor-invisible elementor-widget elementor-widget-heading\" data-id=\"1575885\" data-element_type=\"widget\" data-e-type=\"widget\" data-settings=\"{&quot;_animation_tablet&quot;:&quot;fadeIn&quot;,&quot;_animation&quot;:&quot;fadeIn&quot;}\" data-widget_type=\"heading.default\">\n\t\t\t\t<div class=\"elementor-widget-container\">\n\t\t\t\t\t<h2 class=\"elementor-heading-title elementor-size-default\">Netwerkbekabeling voor een snelle internet- en telefoonverbinding<\/h2>\t\t\t\t<\/div>\n\t\t\t\t<\/div>\n\t\t\t\t<div class=\"elementor-element elementor-element-e9ef244 elementor-widget elementor-widget-text-editor\" data-id=\"e9ef244\" data-element_type=\"widget\" data-e-type=\"widget\" data-widget_type=\"text-editor.default\">\n\t\t\t\t<div class=\"elementor-widget-container\">\n\t\t\t\t\t\t\t\t\t<p class=\"translation-block\">Om uw bedrijf een <strong>stabiele, snelle en betrouwbare<\/strong> verbinding te garanderen, verzorgt BS Electro de volledige installatie van uw <strong>IT- en telefonienetwerk<\/strong>.\nVan de hoofdbekabeling tot elke aansluiting, wij begeleiden u met precisie in elke fase.<\/p>\t\t\t\t\t\t\t\t<\/div>\n\t\t\t\t<\/div>\n\t\t\t\t<div class=\"elementor-element elementor-element-70d5a2d elementor-widget elementor-widget-text-editor\" data-id=\"70d5a2d\" data-element_type=\"widget\" data-e-type=\"widget\" data-widget_type=\"text-editor.default\">\n\t\t\t\t<div class=\"elementor-widget-container\">\n\t\t\t\t\t\t\t\t\t<p class=\"translation-block\">Wij gebruiken <strong>professionele materialen<\/strong> zoals <em>Nexans, Draka, Excel<\/em> en <em>Ubiquiti UniFi<\/em>, geschikt voor alle soorten bekabeling: <strong>PVC<\/strong>, <strong>glasvezel<\/strong>, <strong>koper<\/strong> of <strong>brandwerende kabels<\/strong>.\nElke installatie wordt getest volgens de <strong>ISO-normen<\/strong>, met rapporten en certificaten als bewijs.<\/p>\t\t\t\t\t\t\t\t<\/div>\n\t\t\t\t<\/div>\n\t\t\t\t\t<\/div>\n\t\t\t\t<\/div>\n\t\t<div data-particle_enable=\"false\" data-particle-mobile-disabled=\"false\" class=\"elementor-element elementor-element-1d6ef61 e-con-full elementor-hidden-mobile e-flex e-con e-parent\" data-id=\"1d6ef61\" data-element_type=\"container\" data-e-type=\"container\" data-settings=\"{&quot;background_background&quot;:&quot;classic&quot;}\">\n\t\t<div data-particle_enable=\"false\" data-particle-mobile-disabled=\"false\" class=\"elementor-element elementor-element-6672f67 e-con-full e-flex e-con e-child\" data-id=\"6672f67\" data-element_type=\"container\" data-e-type=\"container\" data-settings=\"{&quot;background_background&quot;:&quot;classic&quot;,&quot;animation&quot;:&quot;none&quot;}\">\n\t\t\t\t<\/div>\n\t\t\t\t<\/div>\n\t\t<div data-particle_enable=\"false\" data-particle-mobile-disabled=\"false\" class=\"elementor-element elementor-element-4dd0154 e-con-full elementor-hidden-desktop elementor-hidden-tablet e-flex e-con e-parent\" data-id=\"4dd0154\" data-element_type=\"container\" data-e-type=\"container\" data-settings=\"{&quot;background_background&quot;:&quot;classic&quot;}\">\n\t\t<div data-particle_enable=\"false\" data-particle-mobile-disabled=\"false\" class=\"elementor-element elementor-element-f3345f4 e-con-full e-flex e-con e-child\" data-id=\"f3345f4\" data-element_type=\"container\" data-e-type=\"container\" data-settings=\"{&quot;background_background&quot;:&quot;classic&quot;}\">\n\t\t\t\t<\/div>\n\t\t\t\t<\/div>\n\t\t<div data-particle_enable=\"false\" data-particle-mobile-disabled=\"false\" class=\"elementor-element elementor-element-f10f9a1 e-con-full e-flex e-con e-parent\" data-id=\"f10f9a1\" data-element_type=\"container\" data-e-type=\"container\" data-settings=\"{&quot;background_background&quot;:&quot;classic&quot;}\">\n\t\t<div data-particle_enable=\"false\" data-particle-mobile-disabled=\"false\" class=\"elementor-element elementor-element-8dc4801 e-flex e-con-boxed elementor-invisible e-con e-child\" data-id=\"8dc4801\" data-element_type=\"container\" data-e-type=\"container\" data-settings=\"{&quot;animation&quot;:&quot;fadeInLeft&quot;}\">\n\t\t\t\t\t<div class=\"e-con-inner\">\n\t\t\t\t<div class=\"elementor-element elementor-element-932f47e elementor-widget elementor-widget-heading\" data-id=\"932f47e\" data-element_type=\"widget\" data-e-type=\"widget\" data-widget_type=\"heading.default\">\n\t\t\t\t<div class=\"elementor-widget-container\">\n\t\t\t\t\t<h2 class=\"elementor-heading-title elementor-size-default\">Een netwerk op maat van uw bedrijf<\/h2>\t\t\t\t<\/div>\n\t\t\t\t<\/div>\n\t\t\t\t<div class=\"elementor-element elementor-element-826f7ad elementor-widget elementor-widget-text-editor\" data-id=\"826f7ad\" data-element_type=\"widget\" data-e-type=\"widget\" data-widget_type=\"text-editor.default\">\n\t\t\t\t<div class=\"elementor-widget-container\">\n\t\t\t\t\t\t\t\t\t<p class=\"translation-block\">Onze netwerkoplossingen worden altijd op maat ontworpen: ze houden rekening met de structuur van uw gebouw, het meubilair en uw specifieke noden.\nVan planning tot uitvoering zorgen wij voor een vlotte en performante integratie, met een <strong>snel, veilig en schaalbaar netwerk<\/strong> als resultaat.<\/p>\t\t\t\t\t\t\t\t<\/div>\n\t\t\t\t<\/div>\n\t\t\t\t\t<\/div>\n\t\t\t\t<\/div>\n\t\t<div data-particle_enable=\"false\" data-particle-mobile-disabled=\"false\" class=\"elementor-element elementor-element-0cd386b e-flex e-con-boxed elementor-invisible e-con e-child\" data-id=\"0cd386b\" data-element_type=\"container\" data-e-type=\"container\" data-settings=\"{&quot;animation&quot;:&quot;fadeInRight&quot;}\">\n\t\t\t\t\t<div class=\"e-con-inner\">\n\t\t\t\t<div class=\"elementor-element elementor-element-70cb80d elementor-widget elementor-widget-heading\" data-id=\"70cb80d\" data-element_type=\"widget\" data-e-type=\"widget\" data-widget_type=\"heading.default\">\n\t\t\t\t<div class=\"elementor-widget-container\">\n\t\t\t\t\t<h2 class=\"elementor-heading-title elementor-size-default\">Gecertificeerd voor de installatie van uw netwerkbekabeling<\/h2>\t\t\t\t<\/div>\n\t\t\t\t<\/div>\n\t\t\t\t<div class=\"elementor-element elementor-element-581ae04 elementor-widget elementor-widget-text-editor\" data-id=\"581ae04\" data-element_type=\"widget\" data-e-type=\"widget\" data-widget_type=\"text-editor.default\">\n\t\t\t\t<div class=\"elementor-widget-container\">\n\t\t\t\t\t\t\t\t\t<p data-start=\"577\" data-end=\"858\" class=\"translation-block\">Dankzij onze certificeringen en expertise bent u verzekerd van een <strong>professionele installatie<\/strong> conform de ISO-normen.\nWij gebruiken uitsluitend geteste en betrouwbare materialen en leveren voor elke gelegde kabel een <strong>testrapport en certificaat<\/strong><\/p>\t\t\t\t\t\t\t\t<\/div>\n\t\t\t\t<\/div>\n\t\t\t\t\t<\/div>\n\t\t\t\t<\/div>\n\t\t\t\t<\/div>\n\t\t<div data-particle_enable=\"false\" data-particle-mobile-disabled=\"false\" class=\"elementor-element elementor-element-6e06c1a e-flex e-con-boxed e-con e-parent\" data-id=\"6e06c1a\" data-element_type=\"container\" data-e-type=\"container\" data-settings=\"{&quot;background_background&quot;:&quot;classic&quot;}\">\n\t\t\t\t\t<div class=\"e-con-inner\">\n\t\t\t\t<div class=\"elementor-element elementor-element-3a62e5f elementor-widget elementor-widget-heading\" data-id=\"3a62e5f\" data-element_type=\"widget\" data-e-type=\"widget\" data-widget_type=\"heading.default\">\n\t\t\t\t<div class=\"elementor-widget-container\">\n\t\t\t\t\t<h2 class=\"elementor-heading-title elementor-size-default\">Moet u databekabeling of netwerkbekabeling installeren?<\/h2>\t\t\t\t<\/div>\n\t\t\t\t<\/div>\n\t\t\t\t<div class=\"elementor-element elementor-element-b66449c elementor-widget elementor-widget-text-editor\" data-id=\"b66449c\" data-element_type=\"widget\" data-e-type=\"widget\" data-widget_type=\"text-editor.default\">\n\t\t\t\t<div class=\"elementor-widget-container\">\n\t\t\t\t\t\t\t\t\t<p data-start=\"933\" data-end=\"1027\">Geniet van een gratis offerte en persoonlijke begeleiding door onze gecertificeerde techniekers.<\/p>\t\t\t\t\t\t\t\t<\/div>\n\t\t\t\t<\/div>\n\t\t\t\t<div class=\"elementor-element elementor-element-4a87778 elementor-invisible elementor-widget elementor-widget-button\" data-id=\"4a87778\" data-element_type=\"widget\" data-e-type=\"widget\" data-settings=\"{&quot;_animation&quot;:&quot;zoomIn&quot;}\" data-widget_type=\"button.default\">\n\t\t\t\t<div class=\"elementor-widget-container\">\n\t\t\t\t\t\t\t\t\t<div class=\"elementor-button-wrapper\">\n\t\t\t\t\t<a class=\"elementor-button elementor-button-link elementor-size-sm elementor-animation-grow\" href=\"https:\/\/bs-electro.myskydoowebsite.com\/nl\/contact\/\">\n\t\t\t\t\t\t<span class=\"elementor-button-content-wrapper\">\n\t\t\t\t\t\t\t\t\t<span class=\"elementor-button-text\">Ik wil een offerte<\/span>\n\t\t\t\t\t<\/span>\n\t\t\t\t\t<\/a>\n\t\t\t\t<\/div>\n\t\t\t\t\t\t\t\t<\/div>\n\t\t\t\t<\/div>\n\t\t\t\t\t<\/div>\n\t\t\t\t<\/div>\n\t\t\t\t<\/div>","protected":false},"excerpt":{"rendered":"<p>C\u00e2blage de donn\u00e9es et de r\u00e9seaux Une connexion rapide, stable et s\u00e9curis\u00e9e pour votre entreprise, du routeur jusqu\u2019\u00e0 la derni\u00e8re prise r\u00e9seau. C\u00e2blage r\u00e9seau pour une connexion internet et t\u00e9l\u00e9phonique rapide Pour garantir \u00e0 votre entreprise une connexion stable, rapide et fiable, BS Electro prend en charge l\u2019installation compl\u00e8te de votre r\u00e9seau informatique et t\u00e9l\u00e9phonique.Du [&hellip;]<\/p>\n","protected":false},"author":1,"featured_media":0,"parent":0,"menu_order":0,"comment_status":"closed","ping_status":"closed","template":"","meta":{"footnotes":""},"class_list":["post-43","page","type-page","status-publish","hentry"],"_links":{"self":[{"href":"https:\/\/bs-electro.myskydoowebsite.com\/nl\/wp-json\/wp\/v2\/pages\/43","targetHints":{"allow":["GET"]}}],"collection":[{"href":"https:\/\/bs-electro.myskydoowebsite.com\/nl\/wp-json\/wp\/v2\/pages"}],"about":[{"href":"https:\/\/bs-electro.myskydoowebsite.com\/nl\/wp-json\/wp\/v2\/types\/page"}],"author":[{"embeddable":true,"href":"https:\/\/bs-electro.myskydoowebsite.com\/nl\/wp-json\/wp\/v2\/users\/1"}],"replies":[{"embeddable":true,"href":"https:\/\/bs-electro.myskydoowebsite.com\/nl\/wp-json\/wp\/v2\/comments?post=43"}],"version-history":[{"count":154,"href":"https:\/\/bs-electro.myskydoowebsite.com\/nl\/wp-json\/wp\/v2\/pages\/43\/revisions"}],"predecessor-version":[{"id":2245,"href":"https:\/\/bs-electro.myskydoowebsite.com\/nl\/wp-json\/wp\/v2\/pages\/43\/revisions\/2245"}],"wp:attachment":[{"href":"https:\/\/bs-electro.myskydoowebsite.com\/nl\/wp-json\/wp\/v2\/media?parent=43"}],"curies":[{"name":"wp","href":"https:\/\/api.w.org\/{rel}","templated":true}]}}